{"id":767,"date":"2021-06-14T12:26:14","date_gmt":"2021-06-14T10:26:14","guid":{"rendered":"https:\/\/sintesys.hr\/kontakt\/"},"modified":"2021-09-06T15:16:29","modified_gmt":"2021-09-06T13:16:29","slug":"contact","status":"publish","type":"page","link":"https:\/\/sintesys.hr\/en\/contact\/","title":{"rendered":"Contact"},"content":{"rendered":"<p>[et_pb_section fb_built=&#8221;1&#8243; custom_padding_last_edited=&#8221;on|phone&#8221; _builder_version=&#8221;4.4.6&#8243; background_color=&#8221;#e9eefd&#8221; custom_padding=&#8221;100px||120px||false|false&#8221; custom_padding_tablet=&#8221;60px||80px||false|false&#8221; custom_padding_phone=&#8221;20px||30px||false|false&#8221; global_colors_info=&#8221;{}&#8221;][et_pb_row column_structure=&#8221;1_2,1_2&#8243; make_equal=&#8221;on&#8221; _builder_version=&#8221;4.4.6&#8243; global_colors_info=&#8221;{}&#8221;][et_pb_column type=&#8221;1_2&#8243; _builder_version=&#8221;4.4.6&#8243; global_colors_info=&#8221;{}&#8221;][et_pb_image src=&#8221;https:\/\/sintesys.hr\/wp-content\/uploads\/2021\/06\/kontakt.png&#8221; alt=&#8221;Main illustration&#8221; title_text=&#8221;kontakt&#8221; _builder_version=&#8221;4.4.6&#8243; animation_style=&#8221;slide&#8221; animation_direction=&#8221;left&#8221; global_colors_info=&#8221;{}&#8221;][\/et_pb_image][\/et_pb_column][et_pb_column type=&#8221;1_2&#8243; module_class=&#8221;front_cta_text_wrapper&#8221; _builder_version=&#8221;4.4.6&#8243; global_colors_info=&#8221;{}&#8221;][et_pb_text admin_label=&#8221;Contact&#8221; _builder_version=&#8221;4.10.6&#8243; text_font=&#8221;|300|||||||&#8221; text_text_color=&#8221;#1a3762&#8243; text_font_size=&#8221;24px&#8221; text_line_height=&#8221;36px&#8221; header_2_font=&#8221;|700|||||||&#8221; header_2_font_size=&#8221;50px&#8221; header_2_line_height=&#8221;1.3em&#8221; header_2_font_size_tablet=&#8221;30px&#8221; header_2_font_size_phone=&#8221;&#8221; header_2_font_size_last_edited=&#8221;on|phone&#8221; global_colors_info=&#8221;{}&#8221;]<\/p>\n<h2>Contact<\/h2>\n<p>Contact us for more info!<\/p>\n<p>[\/et_pb_text][\/et_pb_column][\/et_pb_row][\/et_pb_section][et_pb_section fb_built=&#8221;1&#8243; _builder_version=&#8221;4.4.6&#8243; max_width=&#8221;1080px&#8221; module_alignment=&#8221;center&#8221; global_colors_info=&#8221;{}&#8221;][et_pb_row column_structure=&#8221;2_5,3_5&#8243; use_custom_gutter=&#8221;on&#8221; gutter_width=&#8221;4&#8243; _builder_version=&#8221;4.4.6&#8243; global_colors_info=&#8221;{}&#8221;][et_pb_column type=&#8221;2_5&#8243; _builder_version=&#8221;4.4.6&#8243; global_colors_info=&#8221;{}&#8221;][et_pb_blurb image=&#8221;https:\/\/sintesys.hr\/wp-content\/uploads\/2021\/05\/sintesys-logo-footer.png&#8221; icon_alignment=&#8221;left&#8221; module_class=&#8221;kontakt_blurb&#8221; _builder_version=&#8221;4.10.6&#8243; body_font=&#8221;|300|||||||&#8221; body_link_font=&#8221;|300|||||||&#8221; global_colors_info=&#8221;{}&#8221;]<\/p>\n<p>Natka Nodila 17<br \/>20000 Dubrovnik, Croatia<br \/>Telefon +385 20 423 100<br \/>Mobitel: +385 91 423 1002<br \/>E-mail: <a href=\"mailto:info@sintesys.hr\">info@sintesys.hr<\/a><\/p>\n<p>[\/et_pb_blurb][\/et_pb_column][et_pb_column type=&#8221;3_5&#8243; _builder_version=&#8221;4.4.6&#8243; global_colors_info=&#8221;{}&#8221;][et_pb_code admin_label=&#8221;Kontakt forma &#8211; shortcode&#8221; _builder_version=&#8221;4.10.6&#8243; global_colors_info=&#8221;{}&#8221;]\n<div class=\"wpcf7 no-js\" id=\"wpcf7-f772-o1\" lang=\"en-US\" dir=\"ltr\" data-wpcf7-id=\"772\">\n<div class=\"screen-reader-response\"><p role=\"status\" aria-live=\"polite\" aria-atomic=\"true\"><\/p> <ul><\/ul><\/div>\n<form action=\"\/en\/wp-json\/wp\/v2\/pages\/767#wpcf7-f772-o1\" method=\"post\" class=\"wpcf7-form init\" aria-label=\"Contact form\" novalidate=\"novalidate\" data-status=\"init\">\n<fieldset class=\"hidden-fields-container\"><input type=\"hidden\" name=\"_wpcf7\" value=\"772\" \/><input type=\"hidden\" name=\"_wpcf7_version\" value=\"6.1.1\" \/><input type=\"hidden\" name=\"_wpcf7_locale\" value=\"en_US\" \/><input type=\"hidden\" name=\"_wpcf7_unit_tag\" value=\"wpcf7-f772-o1\" \/><input type=\"hidden\" name=\"_wpcf7_container_post\" value=\"0\" \/><input type=\"hidden\" name=\"_wpcf7_posted_data_hash\" value=\"\" \/><input type=\"hidden\" name=\"_wpcf7_recaptcha_response\" value=\"\" \/>\n<\/fieldset>\n<div class=\"wpcf7\">\n\t<p><label> Full name<br \/>\n<span class=\"wpcf7-form-control-wrap\" data-name=\"your-name\"><input size=\"40\" maxlength=\"400\" class=\"wpcf7-form-control wpcf7-text wpcf7-validates-as-required\" aria-required=\"true\" aria-invalid=\"false\" value=\"\" type=\"text\" name=\"your-name\" \/><\/span> <\/label>\n\t<\/p>\n\t<p><label> E-mail<br \/>\n<span class=\"wpcf7-form-control-wrap\" data-name=\"your-email\"><input size=\"40\" maxlength=\"400\" class=\"wpcf7-form-control wpcf7-email wpcf7-validates-as-required wpcf7-text wpcf7-validates-as-email\" aria-required=\"true\" aria-invalid=\"false\" value=\"\" type=\"email\" name=\"your-email\" \/><\/span> <\/label>\n\t<\/p>\n\t<p><label> Subject<br \/>\n<span class=\"wpcf7-form-control-wrap\" data-name=\"your-subject\"><input size=\"40\" maxlength=\"400\" class=\"wpcf7-form-control wpcf7-text wpcf7-validates-as-required\" aria-required=\"true\" aria-invalid=\"false\" value=\"\" type=\"text\" name=\"your-subject\" \/><\/span> <\/label>\n\t<\/p>\n\t<p><label> Message<br \/>\n<span class=\"wpcf7-form-control-wrap\" data-name=\"your-message\"><textarea cols=\"40\" rows=\"10\" maxlength=\"2000\" class=\"wpcf7-form-control wpcf7-textarea\" aria-invalid=\"false\" name=\"your-message\"><\/textarea><\/span> <\/label>\n\t<\/p>\n\t<div class=\"wpcf7-checkbox col-sm-12\">\n\t\t<p><span class=\"wpcf7-form-control-wrap\" data-name=\"privacy-policy-checkbox\"><span class=\"wpcf7-form-control wpcf7-acceptance\"><span class=\"wpcf7-list-item\"><label><input type=\"checkbox\" name=\"privacy-policy-checkbox\" value=\"1\" class=\"form-check\" aria-invalid=\"false\" \/><span class=\"wpcf7-list-item-label\">* Suglasan sam da se moji osobni podaci koriste za obradu mog upita te da se s njima postupa u skladu sa propisima o za\u0161titi osobnih podataka. Sla\u017eem se s tim da \u0107e se ti isti podaci elektronski spremiti u obliku podataka ili informacija. Upoznat sam s \u010dinjenicom da ovu suglasnost mogu povu\u0107i u bilo kojem trenutku izri\u010ditim zahtjevom pisanim putem.<\/span><\/label><\/span><\/span><\/span>\n\t\t<\/p>\n\t<\/div>\n<\/div>\n<p><input class=\"wpcf7-form-control wpcf7-submit has-spinner et_pb_button\" type=\"submit\" value=\"Send message\" \/>\n<\/p><div class=\"wpcf7-response-output\" aria-hidden=\"true\"><\/div>\n<\/form>\n<\/div>\n[\/et_pb_code][\/et_pb_column][\/et_pb_row][\/et_pb_section][et_pb_section fb_built=&#8221;1&#8243; fullwidth=&#8221;on&#8221; _builder_version=&#8221;4.4.6&#8243; global_colors_info=&#8221;{}&#8221;][et_pb_fullwidth_code admin_label=&#8221;Map iframe&#8221; module_class=&#8221;karta_wrapper&#8221; _builder_version=&#8221;4.4.6&#8243; global_colors_info=&#8221;{}&#8221;]<iframe src=\"https:\/\/www.google.com\/maps\/embed?pb=!1m18!1m12!1m3!1d9870.849740342926!2d18.09632428278059!3d42.64819009598844!2m3!1f0!2f0!3f0!3m2!1i1024!2i768!4f13.1!3m3!1m2!1s0x134c74d5c377545f%3A0xef0248df32d056f7!2sUl.%20Natka%20Nodila%2017%2C%2020000%2C%20Dubrovnik!5e0!3m2!1shr!2shr!4v1624271630217!5m2!1shr!2shr\" width=\"100%\" height=\"580\" style=\"border:0;\" allowfullscreen=\"\" loading=\"lazy\"><\/iframe>[\/et_pb_fullwidth_code][\/et_pb_section]<\/p>\n","protected":false},"excerpt":{"rendered":"<p>Contact Contact us for more info!Natka Nodila 1720000 Dubrovnik, CroatiaTelefon +385 20 423 100Mobitel: +385 91 423 1002E-mail: info@sintesys.hr\n<div class=\"wpcf7 no-js\" id=\"wpcf7-f772-o2\" lang=\"en-US\" dir=\"ltr\" data-wpcf7-id=\"772\">\n<div class=\"screen-reader-response\"><p role=\"status\" aria-live=\"polite\" aria-atomic=\"true\"><\/p> <ul><\/ul><\/div>\n<form action=\"\/en\/wp-json\/wp\/v2\/pages\/767#wpcf7-f772-o2\" method=\"post\" class=\"wpcf7-form init\" aria-label=\"Contact form\" novalidate=\"novalidate\" data-status=\"init\">\n<fieldset class=\"hidden-fields-container\"><input type=\"hidden\" name=\"_wpcf7\" value=\"772\" \/><input type=\"hidden\" name=\"_wpcf7_version\" value=\"6.1.1\" \/><input type=\"hidden\" name=\"_wpcf7_locale\" value=\"en_US\" \/><input type=\"hidden\" name=\"_wpcf7_unit_tag\" value=\"wpcf7-f772-o2\" \/><input type=\"hidden\" name=\"_wpcf7_container_post\" value=\"0\" \/><input type=\"hidden\" name=\"_wpcf7_posted_data_hash\" value=\"\" \/><input type=\"hidden\" name=\"_wpcf7_recaptcha_response\" value=\"\" \/>\n<\/fieldset>\n<div class=\"wpcf7\">\n\t<p><label> Full name<br \/>\n<span class=\"wpcf7-form-control-wrap\" data-name=\"your-name\"><input size=\"40\" maxlength=\"400\" class=\"wpcf7-form-control wpcf7-text wpcf7-validates-as-required\" aria-required=\"true\" aria-invalid=\"false\" value=\"\" type=\"text\" name=\"your-name\" \/><\/span> <\/label>\n\t<\/p>\n\t<p><label> E-mail<br \/>\n<span class=\"wpcf7-form-control-wrap\" data-name=\"your-email\"><input size=\"40\" maxlength=\"400\" class=\"wpcf7-form-control wpcf7-email wpcf7-validates-as-required wpcf7-text wpcf7-validates-as-email\" aria-required=\"true\" aria-invalid=\"false\" value=\"\" type=\"email\" name=\"your-email\" \/><\/span> <\/label>\n\t<\/p>\n\t<p><label> Subject<br \/>\n<span class=\"wpcf7-form-control-wrap\" data-name=\"your-subject\"><input size=\"40\" maxlength=\"400\" class=\"wpcf7-form-control wpcf7-text wpcf7-validates-as-required\" aria-required=\"true\" aria-invalid=\"false\" value=\"\" type=\"text\" name=\"your-subject\" \/><\/span> <\/label>\n\t<\/p>\n\t<p><label> Message<br \/>\n<span class=\"wpcf7-form-control-wrap\" data-name=\"your-message\"><textarea cols=\"40\" rows=\"10\" maxlength=\"2000\" class=\"wpcf7-form-control wpcf7-textarea\" aria-invalid=\"false\" name=\"your-message\"><\/textarea><\/span> <\/label>\n\t<\/p>\n\t<div class=\"wpcf7-checkbox col-sm-12\">\n\t\t<p><span class=\"wpcf7-form-control-wrap\" data-name=\"privacy-policy-checkbox\"><span class=\"wpcf7-form-control wpcf7-acceptance\"><span class=\"wpcf7-list-item\"><label><input type=\"checkbox\" name=\"privacy-policy-checkbox\" value=\"1\" class=\"form-check\" aria-invalid=\"false\" \/><span class=\"wpcf7-list-item-label\">* Suglasan sam da se moji osobni podaci koriste za obradu mog upita te da se s njima postupa u skladu sa propisima o za\u0161titi osobnih podataka. Sla\u017eem se s tim da \u0107e se ti isti podaci elektronski spremiti u obliku podataka ili informacija. Upoznat sam s \u010dinjenicom da ovu suglasnost mogu povu\u0107i u bilo kojem trenutku izri\u010ditim zahtjevom pisanim putem.<\/span><\/label><\/span><\/span><\/span>\n\t\t<\/p>\n\t<\/div>\n<\/div>\n<p><input class=\"wpcf7-form-control wpcf7-submit has-spinner et_pb_button\" type=\"submit\" value=\"Send message\" \/>\n<\/p><div class=\"wpcf7-response-output\" aria-hidden=\"true\"><\/div>\n<\/form>\n<\/div>\n<\/p>\n","protected":false},"author":1,"featured_media":687,"parent":0,"menu_order":0,"comment_status":"closed","ping_status":"closed","template":"","meta":{"_et_pb_use_builder":"on","_et_pb_old_content":"","_et_gb_content_width":"","footnotes":""},"class_list":["post-767","page","type-page","status-publish","has-post-thumbnail","hentry"],"yoast_head":"<!-- This site is optimized with the Yoast SEO plugin v25.8 - https:\/\/yoast.com\/wordpress\/plugins\/seo\/ -->\n<title>Contact - Softver za Putni\u010dke Agencije - Sintesys<\/title>\n<meta name=\"robots\" content=\"index, follow, max-snippet:-1, max-image-preview:large, max-video-preview:-1\" \/>\n<link rel=\"canonical\" href=\"https:\/\/sintesys.hr\/en\/contact\/\" \/>\n<meta property=\"og:locale\" content=\"en_US\" \/>\n<meta property=\"og:type\" content=\"article\" \/>\n<meta property=\"og:title\" content=\"Contact - Softver za Putni\u010dke Agencije - Sintesys\" \/>\n<meta property=\"og:description\" content=\"Contact Contact us for more info!Natka Nodila 1720000 Dubrovnik, CroatiaTelefon +385 20 423 100Mobitel: +385 91 423 1002E-mail: info@sintesys.hr\" \/>\n<meta property=\"og:url\" content=\"https:\/\/sintesys.hr\/en\/contact\/\" \/>\n<meta property=\"og:site_name\" content=\"Softver za Putni\u010dke Agencije - Sintesys\" \/>\n<meta property=\"article:modified_time\" content=\"2021-09-06T13:16:29+00:00\" \/>\n<meta property=\"og:image\" content=\"https:\/\/sintesys.hr\/wp-content\/uploads\/2021\/06\/kontakt.png\" \/>\n\t<meta property=\"og:image:width\" content=\"664\" \/>\n\t<meta property=\"og:image:height\" content=\"397\" \/>\n\t<meta property=\"og:image:type\" content=\"image\/png\" \/>\n<meta name=\"twitter:card\" content=\"summary_large_image\" \/>\n<meta name=\"twitter:label1\" content=\"Est. reading time\" \/>\n\t<meta name=\"twitter:data1\" content=\"2 minutes\" \/>\n<script type=\"application\/ld+json\" class=\"yoast-schema-graph\">{\"@context\":\"https:\/\/schema.org\",\"@graph\":[{\"@type\":\"WebPage\",\"@id\":\"https:\/\/sintesys.hr\/en\/contact\/\",\"url\":\"https:\/\/sintesys.hr\/en\/contact\/\",\"name\":\"Contact - Softver za Putni\u010dke Agencije - Sintesys\",\"isPartOf\":{\"@id\":\"https:\/\/sintesys.hr\/#website\"},\"primaryImageOfPage\":{\"@id\":\"https:\/\/sintesys.hr\/en\/contact\/#primaryimage\"},\"image\":{\"@id\":\"https:\/\/sintesys.hr\/en\/contact\/#primaryimage\"},\"thumbnailUrl\":\"https:\/\/sintesys.hr\/wp-content\/uploads\/2021\/06\/kontakt.png\",\"datePublished\":\"2021-06-14T10:26:14+00:00\",\"dateModified\":\"2021-09-06T13:16:29+00:00\",\"breadcrumb\":{\"@id\":\"https:\/\/sintesys.hr\/en\/contact\/#breadcrumb\"},\"inLanguage\":\"en-US\",\"potentialAction\":[{\"@type\":\"ReadAction\",\"target\":[\"https:\/\/sintesys.hr\/en\/contact\/\"]}]},{\"@type\":\"ImageObject\",\"inLanguage\":\"en-US\",\"@id\":\"https:\/\/sintesys.hr\/en\/contact\/#primaryimage\",\"url\":\"https:\/\/sintesys.hr\/wp-content\/uploads\/2021\/06\/kontakt.png\",\"contentUrl\":\"https:\/\/sintesys.hr\/wp-content\/uploads\/2021\/06\/kontakt.png\",\"width\":664,\"height\":397},{\"@type\":\"BreadcrumbList\",\"@id\":\"https:\/\/sintesys.hr\/en\/contact\/#breadcrumb\",\"itemListElement\":[{\"@type\":\"ListItem\",\"position\":1,\"name\":\"Home\",\"item\":\"https:\/\/sintesys.hr\/en\/\"},{\"@type\":\"ListItem\",\"position\":2,\"name\":\"Contact\"}]},{\"@type\":\"WebSite\",\"@id\":\"https:\/\/sintesys.hr\/#website\",\"url\":\"https:\/\/sintesys.hr\/\",\"name\":\"Softver za Putni\u010dke Agencije - Sintesys\",\"description\":\"All In One Rje\u0161enje\",\"publisher\":{\"@id\":\"https:\/\/sintesys.hr\/#organization\"},\"potentialAction\":[{\"@type\":\"SearchAction\",\"target\":{\"@type\":\"EntryPoint\",\"urlTemplate\":\"https:\/\/sintesys.hr\/?s={search_term_string}\"},\"query-input\":{\"@type\":\"PropertyValueSpecification\",\"valueRequired\":true,\"valueName\":\"search_term_string\"}}],\"inLanguage\":\"en-US\"},{\"@type\":\"Organization\",\"@id\":\"https:\/\/sintesys.hr\/#organization\",\"name\":\"Sintesys\",\"url\":\"https:\/\/sintesys.hr\/\",\"logo\":{\"@type\":\"ImageObject\",\"inLanguage\":\"en-US\",\"@id\":\"https:\/\/sintesys.hr\/#\/schema\/logo\/image\/\",\"url\":\"https:\/\/sintesys.hr\/wp-content\/uploads\/2021\/05\/logo.png\",\"contentUrl\":\"https:\/\/sintesys.hr\/wp-content\/uploads\/2021\/05\/logo.png\",\"width\":259,\"height\":48,\"caption\":\"Sintesys\"},\"image\":{\"@id\":\"https:\/\/sintesys.hr\/#\/schema\/logo\/image\/\"}}]}<\/script>\n<!-- \/ Yoast SEO plugin. -->","yoast_head_json":{"title":"Contact - Softver za Putni\u010dke Agencije - Sintesys","robots":{"index":"index","follow":"follow","max-snippet":"max-snippet:-1","max-image-preview":"max-image-preview:large","max-video-preview":"max-video-preview:-1"},"canonical":"https:\/\/sintesys.hr\/en\/contact\/","og_locale":"en_US","og_type":"article","og_title":"Contact - Softver za Putni\u010dke Agencije - Sintesys","og_description":"Contact Contact us for more info!Natka Nodila 1720000 Dubrovnik, CroatiaTelefon +385 20 423 100Mobitel: +385 91 423 1002E-mail: info@sintesys.hr","og_url":"https:\/\/sintesys.hr\/en\/contact\/","og_site_name":"Softver za Putni\u010dke Agencije - Sintesys","article_modified_time":"2021-09-06T13:16:29+00:00","og_image":[{"width":664,"height":397,"url":"https:\/\/sintesys.hr\/wp-content\/uploads\/2021\/06\/kontakt.png","type":"image\/png"}],"twitter_card":"summary_large_image","twitter_misc":{"Est. reading time":"2 minutes"},"schema":{"@context":"https:\/\/schema.org","@graph":[{"@type":"WebPage","@id":"https:\/\/sintesys.hr\/en\/contact\/","url":"https:\/\/sintesys.hr\/en\/contact\/","name":"Contact - Softver za Putni\u010dke Agencije - Sintesys","isPartOf":{"@id":"https:\/\/sintesys.hr\/#website"},"primaryImageOfPage":{"@id":"https:\/\/sintesys.hr\/en\/contact\/#primaryimage"},"image":{"@id":"https:\/\/sintesys.hr\/en\/contact\/#primaryimage"},"thumbnailUrl":"https:\/\/sintesys.hr\/wp-content\/uploads\/2021\/06\/kontakt.png","datePublished":"2021-06-14T10:26:14+00:00","dateModified":"2021-09-06T13:16:29+00:00","breadcrumb":{"@id":"https:\/\/sintesys.hr\/en\/contact\/#breadcrumb"},"inLanguage":"en-US","potentialAction":[{"@type":"ReadAction","target":["https:\/\/sintesys.hr\/en\/contact\/"]}]},{"@type":"ImageObject","inLanguage":"en-US","@id":"https:\/\/sintesys.hr\/en\/contact\/#primaryimage","url":"https:\/\/sintesys.hr\/wp-content\/uploads\/2021\/06\/kontakt.png","contentUrl":"https:\/\/sintesys.hr\/wp-content\/uploads\/2021\/06\/kontakt.png","width":664,"height":397},{"@type":"BreadcrumbList","@id":"https:\/\/sintesys.hr\/en\/contact\/#breadcrumb","itemListElement":[{"@type":"ListItem","position":1,"name":"Home","item":"https:\/\/sintesys.hr\/en\/"},{"@type":"ListItem","position":2,"name":"Contact"}]},{"@type":"WebSite","@id":"https:\/\/sintesys.hr\/#website","url":"https:\/\/sintesys.hr\/","name":"Softver za Putni\u010dke Agencije - Sintesys","description":"All In One Rje\u0161enje","publisher":{"@id":"https:\/\/sintesys.hr\/#organization"},"potentialAction":[{"@type":"SearchAction","target":{"@type":"EntryPoint","urlTemplate":"https:\/\/sintesys.hr\/?s={search_term_string}"},"query-input":{"@type":"PropertyValueSpecification","valueRequired":true,"valueName":"search_term_string"}}],"inLanguage":"en-US"},{"@type":"Organization","@id":"https:\/\/sintesys.hr\/#organization","name":"Sintesys","url":"https:\/\/sintesys.hr\/","logo":{"@type":"ImageObject","inLanguage":"en-US","@id":"https:\/\/sintesys.hr\/#\/schema\/logo\/image\/","url":"https:\/\/sintesys.hr\/wp-content\/uploads\/2021\/05\/logo.png","contentUrl":"https:\/\/sintesys.hr\/wp-content\/uploads\/2021\/05\/logo.png","width":259,"height":48,"caption":"Sintesys"},"image":{"@id":"https:\/\/sintesys.hr\/#\/schema\/logo\/image\/"}}]}},"_links":{"self":[{"href":"https:\/\/sintesys.hr\/en\/wp-json\/wp\/v2\/pages\/767","targetHints":{"allow":["GET"]}}],"collection":[{"href":"https:\/\/sintesys.hr\/en\/wp-json\/wp\/v2\/pages"}],"about":[{"href":"https:\/\/sintesys.hr\/en\/wp-json\/wp\/v2\/types\/page"}],"author":[{"embeddable":true,"href":"https:\/\/sintesys.hr\/en\/wp-json\/wp\/v2\/users\/1"}],"replies":[{"embeddable":true,"href":"https:\/\/sintesys.hr\/en\/wp-json\/wp\/v2\/comments?post=767"}],"version-history":[{"count":4,"href":"https:\/\/sintesys.hr\/en\/wp-json\/wp\/v2\/pages\/767\/revisions"}],"predecessor-version":[{"id":782,"href":"https:\/\/sintesys.hr\/en\/wp-json\/wp\/v2\/pages\/767\/revisions\/782"}],"wp:featuredmedia":[{"embeddable":true,"href":"https:\/\/sintesys.hr\/en\/wp-json\/wp\/v2\/media\/687"}],"wp:attachment":[{"href":"https:\/\/sintesys.hr\/en\/wp-json\/wp\/v2\/media?parent=767"}],"curies":[{"name":"wp","href":"https:\/\/api.w.org\/{rel}","templated":true}]}}